{"id":6,"date":"2026-04-02T17:26:51","date_gmt":"2026-04-02T15:26:51","guid":{"rendered":"https:\/\/erich.kending.de\/?page_id=6"},"modified":"2026-04-03T02:36:33","modified_gmt":"2026-04-03T00:36:33","slug":"mitglied","status":"publish","type":"page","link":"https:\/\/erich.kending.de\/?page_id=6","title":{"rendered":"Mitglied"},"content":{"rendered":"\n        <div class=\"vmm-form-wrap\" id=\"vmm-membership-form\">\n                        \n            <form class=\"vmm-form vmm-member-form\" method=\"post\" action=\"https:\/\/erich.kending.de\/wp-admin\/admin-post.php\">\n                <input type=\"hidden\" name=\"action\" value=\"vmm_submit_membership\">\n                <input type=\"hidden\" id=\"vmm_nonce\" name=\"vmm_nonce\" value=\"f6587e79a1\" \/><input type=\"hidden\" name=\"_wp_http_referer\" value=\"\/index.php?rest_route=%2Fwp%2Fv2%2Fpages%2F6\" \/>\n                <div class=\"vmm-row vmm-row-2\">\n                    <div class=\"vmm-field\"><label for=\"vmm_salutation\">Anrede<\/label><select id=\"vmm_salutation\" name=\"salutation\" ><option value=\"\"  selected='selected'>Bitte w\u00e4hlen<\/option><option value=\"Herr\" >Herr<\/option><option value=\"Frau\" >Frau<\/option><option value=\"Divers\" >Divers<\/option><\/select><\/div>                    <div class=\"vmm-field\"><label for=\"vmm_title\">Titel<\/label><input type=\"text\" id=\"vmm_title\" name=\"title\" value=\"\" ><\/div>                <\/div>\n\n                <div class=\"vmm-row vmm-row-2\">\n                    <div class=\"vmm-field\"><label for=\"vmm_first_name\">Vorname *<\/label><input type=\"text\" id=\"vmm_first_name\" name=\"first_name\" value=\"\" required><\/div>                    <div class=\"vmm-field\"><label for=\"vmm_last_name\">Nachname *<\/label><input type=\"text\" id=\"vmm_last_name\" name=\"last_name\" value=\"\" required><\/div>                <\/div>\n\n                <div class=\"vmm-row vmm-row-2\">\n                    <div class=\"vmm-field\"><label for=\"vmm_street_name\">Stra\u00dfe *<\/label><input type=\"text\" id=\"vmm_street_name\" name=\"street_name\" value=\"\" required><\/div>                    <div class=\"vmm-field\"><label for=\"vmm_house_number\">Hausnummer<\/label><input type=\"text\" id=\"vmm_house_number\" name=\"house_number\" value=\"\" ><\/div>                    <input type=\"hidden\" id=\"vmm_street\" name=\"street\" value=\"\">\n                <\/div>\n\n                <div class=\"vmm-row vmm-row-3\">\n                    <div class=\"vmm-field\"><label for=\"vmm_country\">Land *<\/label><select id=\"vmm_country\" name=\"country\" required><option value=\"BE\" >Belgien (BE)<\/option><option value=\"DE\"  selected='selected'>Deutschland (DE)<\/option><option value=\"DK\" >D\u00e4nemark (DK)<\/option><option value=\"FR\" >Frankreich (FR)<\/option><option value=\"IT\" >Italien (IT)<\/option><option value=\"LU\" >Luxemburg (LU)<\/option><option value=\"NL\" >Niederlande (NL)<\/option><option value=\"NO\" >Norwegen (NO)<\/option><option value=\"PL\" >Polen (PL)<\/option><option value=\"SE\" >Schweden (SE)<\/option><option value=\"CH\" >Schweiz (CH)<\/option><option value=\"ES\" >Spanien (ES)<\/option><option value=\"CZ\" >Tschechien (CZ)<\/option><option value=\"GB\" >Vereinigtes K\u00f6nigreich (GB)<\/option><option value=\"AT\" >\u00d6sterreich (AT)<\/option><\/select><\/div>                    <div class=\"vmm-field\"><label for=\"vmm_postal_code\">PLZ *<\/label><input type=\"text\" id=\"vmm_postal_code\" name=\"postal_code\" value=\"\" required><\/div>                    <div class=\"vmm-field\"><label for=\"vmm_city\">Wohnort *<\/label><input type=\"text\" id=\"vmm_city\" name=\"city\" value=\"\" required><\/div>                <\/div>\n\n                <div class=\"vmm-row vmm-row-1\">\n                    <div class=\"vmm-field\"><label for=\"vmm_birthday\">Geburtstag *<\/label><input type=\"date\" id=\"vmm_birthday\" name=\"birthday\" value=\"\" required><\/div>                <\/div>\n\n                <div class=\"vmm-row vmm-row-2\">\n                    <div class=\"vmm-field\"><label for=\"vmm_email\">E-Mail-Adresse *<\/label><input type=\"email\" id=\"vmm_email\" name=\"email\" value=\"\" required><\/div>                    <div class=\"vmm-field\"><label for=\"vmm_phone\">Telefonnummer<\/label><input type=\"text\" id=\"vmm_phone\" name=\"phone\" value=\"\" ><\/div>                <\/div>\n\n                <div class=\"vmm-row vmm-row-2\">\n                    <div class=\"vmm-field\"><label for=\"vmm_iban\">IBAN *<\/label><input type=\"text\" id=\"vmm_iban\" name=\"iban\" value=\"\" required><\/div>                    <div class=\"vmm-field\"><label for=\"vmm_account_holder\">Kontoinhaber (falls abweichend)<\/label><input type=\"text\" id=\"vmm_account_holder\" name=\"account_holder\" value=\"\" ><\/div>                <\/div>\n\n                                    <div class=\"vmm-row vmm-row-1\">\n                        <div class=\"vmm-field vmm-field-full\">\n                            <label>Mitgliedstyp *<\/label>\n                            <div class=\"vmm-radio-group\">\n                                                                    <label class=\"vmm-radio-card\">\n                                        <input type=\"radio\" name=\"membership_type_id\" value=\"1\"  required>\n                                        <span><strong>Einzelperson<\/strong><br><small>15,00 \u20ac \/ Jahr<\/small><\/span>\n                                    <\/label>\n                                                                    <label class=\"vmm-radio-card\">\n                                        <input type=\"radio\" name=\"membership_type_id\" value=\"2\"  required>\n                                        <span><strong>Familie<\/strong><br><small>23,00 \u20ac \/ Jahr<\/small><\/span>\n                                    <\/label>\n                                                            <\/div>\n                        <\/div>\n                    <\/div>\n                \n                                    <div class=\"vmm-row vmm-row-1\">\n                        <div class=\"vmm-field vmm-field-full\">\n                            <label for=\"vmm_notes\">Anmerkungen<\/label>\n                            <textarea id=\"vmm_notes\" name=\"notes\" rows=\"4\"><\/textarea>\n                        <\/div>\n                    <\/div>\n                \n                <div class=\"vmm-row vmm-row-1\">\n                    <div class=\"vmm-field vmm-field-full vmm-checkbox\"><label><input type=\"checkbox\" name=\"vmm_privacy_consent\" value=\"1\" required>Ich stimme der Verarbeitung meiner Daten gem\u00e4\u00df Datenschutzerkl\u00e4rung zu.<\/label><\/div>\n                <\/div>\n                <div class=\"vmm-row vmm-row-1\">\n                    <div class=\"vmm-field vmm-field-full vmm-checkbox\"><label><input type=\"checkbox\" name=\"vmm_sepa_consent\" value=\"1\" required>Ich erm\u00e4chtige den Verein, den Mitgliedsbeitrag per SEPA-Lastschrift von meinem Konto einzuziehen.<\/label><\/div>\n                <\/div>\n\n                \n                <div class=\"vmm-row vmm-row-1\"><div class=\"vmm-field vmm-field-full\"><button type=\"submit\" class=\"vmm-button\">Mitgliedschaft beantragen<\/button><\/div><\/div>\n            <\/form>\n        <\/div>\n        \n\n\n\n<hr class=\"wp-block-separator has-alpha-channel-opacity\"\/>\n\n\n        <div class=\"vmm-form-wrap\" id=\"vmm-selfservice\">\n                        \n                            <div class=\"vmm-selfservice-switches\">\n                    <button type=\"button\" class=\"vmm-button vmm-toggle-button\" data-target=\"change\">Eigene Daten \u00e4ndern<\/button>\n                    <button type=\"button\" class=\"vmm-button vmm-toggle-button\" data-target=\"cancel\">Mitgliedschaft k\u00fcndigen<\/button>\n                <\/div>\n                <div class=\"vmm-selfservice-panels\">\n                    <div class=\"vmm-selfservice-panel\" data-panel=\"change\">\n                        <form class=\"vmm-form vmm-selfservice-request-form\" method=\"post\" action=\"https:\/\/erich.kending.de\/wp-admin\/admin-post.php\">\n                            <input type=\"hidden\" name=\"action\" value=\"vmm_request_selfservice_link\">\n                            <input type=\"hidden\" name=\"selfservice_action\" value=\"change\">\n                            <input type=\"hidden\" name=\"return_url\" value=\"https:\/\/erich.kending.de\/index.php?rest_route=%2Fwp%2Fv2%2Fpages%2F6\">\n                            <input type=\"hidden\" id=\"vmm_selfservice_nonce\" name=\"vmm_selfservice_nonce\" value=\"802ccaca4e\" \/><input type=\"hidden\" name=\"_wp_http_referer\" value=\"\/index.php?rest_route=%2Fwp%2Fv2%2Fpages%2F6\" \/>                            <div class=\"vmm-row vmm-row-1\"><div class=\"vmm-field\"><label for=\"vmm_selfservice_change_email\">E-Mail-Adresse<\/label><input type=\"email\" id=\"vmm_selfservice_change_email\" name=\"email\" required><\/div><\/div>\n                            <div class=\"vmm-row vmm-row-1\"><div class=\"vmm-field\"><button type=\"submit\" class=\"vmm-button\">Link anfordern<\/button><\/div><\/div>\n                        <\/form>\n                    <\/div>\n                    <div class=\"vmm-selfservice-panel\" data-panel=\"cancel\" hidden>\n                        <form class=\"vmm-form vmm-selfservice-request-form\" method=\"post\" action=\"https:\/\/erich.kending.de\/wp-admin\/admin-post.php\">\n                            <input type=\"hidden\" name=\"action\" value=\"vmm_request_selfservice_link\">\n                            <input type=\"hidden\" name=\"selfservice_action\" value=\"cancel\">\n                            <input type=\"hidden\" name=\"return_url\" value=\"https:\/\/erich.kending.de\/index.php?rest_route=%2Fwp%2Fv2%2Fpages%2F6\">\n                            <input type=\"hidden\" id=\"vmm_selfservice_nonce\" name=\"vmm_selfservice_nonce\" value=\"802ccaca4e\" \/><input type=\"hidden\" name=\"_wp_http_referer\" value=\"\/index.php?rest_route=%2Fwp%2Fv2%2Fpages%2F6\" \/>                            <div class=\"vmm-row vmm-row-1\"><div class=\"vmm-field\"><label for=\"vmm_selfservice_cancel_email\">E-Mail-Adresse<\/label><input type=\"email\" id=\"vmm_selfservice_cancel_email\" name=\"email\" required><\/div><\/div>\n                            <div class=\"vmm-row vmm-row-1\"><div class=\"vmm-field\"><button type=\"submit\" class=\"vmm-button\">Link anfordern<\/button><\/div><\/div>\n                        <\/form>\n                    <\/div>\n                <\/div>\n                    <\/div>\n        \n","protected":false},"excerpt":{"rendered":"","protected":false},"author":1,"featured_media":0,"parent":0,"menu_order":0,"comment_status":"closed","ping_status":"closed","template":"","meta":{"footnotes":""},"class_list":["post-6","page","type-page","status-publish","hentry"],"_links":{"self":[{"href":"https:\/\/erich.kending.de\/index.php?rest_route=\/wp\/v2\/pages\/6","targetHints":{"allow":["GET"]}}],"collection":[{"href":"https:\/\/erich.kending.de\/index.php?rest_route=\/wp\/v2\/pages"}],"about":[{"href":"https:\/\/erich.kending.de\/index.php?rest_route=\/wp\/v2\/types\/page"}],"author":[{"embeddable":true,"href":"https:\/\/erich.kending.de\/index.php?rest_route=\/wp\/v2\/users\/1"}],"replies":[{"embeddable":true,"href":"https:\/\/erich.kending.de\/index.php?rest_route=%2Fwp%2Fv2%2Fcomments&post=6"}],"version-history":[{"count":4,"href":"https:\/\/erich.kending.de\/index.php?rest_route=\/wp\/v2\/pages\/6\/revisions"}],"predecessor-version":[{"id":23,"href":"https:\/\/erich.kending.de\/index.php?rest_route=\/wp\/v2\/pages\/6\/revisions\/23"}],"wp:attachment":[{"href":"https:\/\/erich.kending.de\/index.php?rest_route=%2Fwp%2Fv2%2Fmedia&parent=6"}],"curies":[{"name":"wp","href":"https:\/\/api.w.org\/{rel}","templated":true}]}}